{"id":746,"date":"2022-06-01T15:49:21","date_gmt":"2022-06-01T13:49:21","guid":{"rendered":"http:\/\/mlspardubickehokraje.cz\/web\/?page_id=746"},"modified":"2025-07-15T14:01:56","modified_gmt":"2025-07-15T12:01:56","slug":"prihlaska","status":"publish","type":"page","link":"http:\/\/mlspardubickehokraje.cz\/web\/prihlaska\/","title":{"rendered":"P\u0159ihl\u00e1\u0161ka"},"content":{"rendered":"\n<p class=\"has-white-color has-vivid-red-background-color has-text-color has-background has-medium-font-size\"><strong>P\u0159ihl\u00e1\u0161ky je mo\u017en\u00e9 zas\u00edlat do 31. \u010dervence 2025<\/strong><\/p>\n\n\n\n<div class=\"wp-block-group alignwide\"><div class=\"wp-block-group__inner-container is-layout-constrained wp-block-group-is-layout-constrained\">\n<div class=\"wp-block-group is-vertical is-content-justification-stretch is-layout-flex wp-container-core-group-is-layout-b16ad781 wp-block-group-is-layout-flex\">\n<p class=\"has-text-align-left\" style=\"font-size:15px\"><strong><a href=\"http:\/\/mlspardubickehokraje.cz\/web\/wp-content\/uploads\/2025\/06\/MLS-2025_vyhlaseni.pdf\">Vyhl\u00e1\u0161en\u00ed sout\u011b\u017ee MLS Pardubick\u00e9ho kraje 2025<\/a><\/strong><\/p>\n\n\n\n<p><\/p>\n\n\n\n<h2 class=\"wp-block-heading\" style=\"font-size:15px\">     <strong><a href=\"https:\/\/mlspardubickehokraje.cz\/web\/wp-content\/uploads\/2025\/07\/Prihlaska-MLS-2025-1.docx\" data-type=\"attachment\" data-id=\"2098\">P\u0159ihl\u00e1\u0161ka docx<\/a><\/strong><\/h2>\n\n\n\n<p><\/p>\n\n\n\n<h2 class=\"wp-block-heading\" style=\"font-size:15px\">     <strong><a href=\"http:\/\/mlspardubickehokraje.cz\/web\/wp-content\/uploads\/2025\/06\/Prihlaska-MLS-2025.pdf\">P\u0159ihl\u00e1\u0161ka pdf<\/a><\/strong><\/h2>\n\n\n\n<p><\/p>\n\n\n\n<h2 class=\"wp-block-heading\" style=\"font-size:15px\">     <strong><a href=\"http:\/\/mlspardubickehokraje.cz\/web\/wp-content\/uploads\/2025\/06\/Zasady-souteze-MLS-Pardubickeho-kraje-2025.pdf\">Z\u00e1sady sout\u011b\u017ee<\/a><\/strong><\/h2>\n<\/div>\n<\/div><\/div>\n\n\n\n<p><\/p>\n","protected":false},"excerpt":{"rendered":"<p>P\u0159ihl\u00e1\u0161ky je mo\u017en\u00e9 zas\u00edlat do 31. \u010dervence 2025 Vyhl\u00e1\u0161en\u00ed sout\u011b\u017ee MLS Pardubick\u00e9ho kraje 2025 P\u0159ihl\u00e1\u0161ka docx P\u0159ihl\u00e1\u0161ka pdf Z\u00e1sady sout\u011b\u017ee<\/p>\n","protected":false},"author":2,"featured_media":0,"parent":0,"menu_order":0,"comment_status":"closed","ping_status":"closed","template":"","meta":{"footnotes":""},"class_list":["post-746","page","type-page","status-publish","hentry","entry"],"_links":{"self":[{"href":"http:\/\/mlspardubickehokraje.cz\/web\/wp-json\/wp\/v2\/pages\/746","targetHints":{"allow":["GET"]}}],"collection":[{"href":"http:\/\/mlspardubickehokraje.cz\/web\/wp-json\/wp\/v2\/pages"}],"about":[{"href":"http:\/\/mlspardubickehokraje.cz\/web\/wp-json\/wp\/v2\/types\/page"}],"author":[{"embeddable":true,"href":"http:\/\/mlspardubickehokraje.cz\/web\/wp-json\/wp\/v2\/users\/2"}],"replies":[{"embeddable":true,"href":"http:\/\/mlspardubickehokraje.cz\/web\/wp-json\/wp\/v2\/comments?post=746"}],"version-history":[{"count":51,"href":"http:\/\/mlspardubickehokraje.cz\/web\/wp-json\/wp\/v2\/pages\/746\/revisions"}],"predecessor-version":[{"id":2123,"href":"http:\/\/mlspardubickehokraje.cz\/web\/wp-json\/wp\/v2\/pages\/746\/revisions\/2123"}],"wp:attachment":[{"href":"http:\/\/mlspardubickehokraje.cz\/web\/wp-json\/wp\/v2\/media?parent=746"}],"curies":[{"name":"wp","href":"https:\/\/api.w.org\/{rel}","templated":true}]}}