{"id":14,"date":"2021-07-23T16:12:52","date_gmt":"2021-07-23T14:12:52","guid":{"rendered":"http:\/\/mlspardubickehokraje.cz\/web\/?page_id=14"},"modified":"2022-06-01T13:32:07","modified_gmt":"2022-06-01T11:32:07","slug":"o-projektu","status":"publish","type":"page","link":"https:\/\/mlspardubickehokraje.cz\/web\/o-projektu\/","title":{"rendered":"O projektu"},"content":{"rendered":"<p><strong>Sout\u011b\u017e o nejlep\u0161\u00ed potravin\u00e1\u0159sk\u00fd v\u00fdrobek Pardubick\u00e9ho kraje<\/strong><br><strong><i>Motto sout\u011b\u017ee: \u201ePodporujeme potravin\u00e1\u0159sk\u00e9 v\u00fdrobky a v\u00fdrobce Pardubick\u00e9ho kraje\u201c<\/i><\/strong><\/p>\n\n\n<p>Projekt MLS Pardubick\u00e9ho kraje organizuje za finan\u010dn\u00ed podpory Pardubick\u00e9ho kraje ji\u017e od roku 2006 obecn\u011b prosp\u011b\u0161n\u00e1 spole\u010dnost Agrovenkov. C\u00edlem sout\u011b\u017ee o nejlep\u0161\u00ed potravin\u00e1\u0159sk\u00e9 v\u00fdrobky Pardubick\u00e9ho kraje je podpora region\u00e1ln\u00edch v\u00fdrobc\u016f a pos\u00edlen\u00ed pov\u011bdom\u00ed spot\u0159ebitel\u016f o kvalitn\u00edch region\u00e1ln\u00edch v\u00fdrobc\u00edch.<\/p>\n\n\n\n<p>Ocen\u011bn\u00e9 v\u00fdrobky obdr\u017e\u00ed certifik\u00e1t MLS Pardubick\u00e9ho kraje, kter\u00fd ud\u011bluje hejtman Pardubick\u00e9ho kraje a p\u0159edseda spr\u00e1vn\u00ed rady Agrovenkov o.p.s.. Tuto ochrannou zn\u00e1mku m\u016f\u017ee v\u00fdrobce u ocen\u011bn\u00e9ho v\u00fdrobku pou\u017e\u00edvat po dobu 4 let.<\/p>\n\n\n\n<p>C\u00edlem sout\u011b\u017ee je podpora popt\u00e1vky po kvalitn\u00edch \u010desk\u00fdch region\u00e1ln\u00edch potravin\u00e1ch, p\u0159esv\u011bd\u010dit spot\u0159ebitele, \u017ee u potravin nen\u00ed d\u016fle\u017eit\u00e1 pouze cena, ale tak\u00e9 jejich kvalita, \u010derstvost a v dne\u0161n\u00ed dob\u011b hlavn\u011b p\u016fvod.<\/p>\n\n\n\n<p>\u00da\u010dast\u00ed v sout\u011b\u017ei dost\u00e1vaj\u00ed v\u00fdrobci n\u00e1sledn\u011b mo\u017enost propagovat sv\u00e9 firmy a v\u00fdrobky na v\u00fdznamn\u00fdch region\u00e1ln\u00edch akc\u00edch ur\u010den\u00fdch pro \u0161irokou ve\u0159ejnost. Tradi\u010dn\u011b se tak sv\u00e9 produkty mohou nab\u00edzet na Fresh festivalu v Pardubic\u00edch, Do\u017e\u00ednk\u00e1ch Pardubick\u00e9ho kraje, Dni Pardubick\u00e9ho kraje, Kon\u00edch v akci \u010di p\u0159i podobn\u00fdch p\u0159\u00edle\u017eitostech.<\/p>\n\n\n\n<p>Ocen\u011bn\u00e9 v\u00fdrobky maj\u00ed zaji\u0161t\u011bnou inzerci a medializaci zdarma. Popularitu jim p\u0159in\u00e1\u0161\u00ed prezentace prost\u0159ednictv\u00edm webov\u00fdch str\u00e1nek, soci\u00e1ln\u00edch s\u00edt\u00ed \u010di katalogu, kter\u00fd je ka\u017edoro\u010dn\u011b vyd\u00e1v\u00e1n a prezentov\u00e1n p\u0159i v\u00fdznamn\u00fdch krajsk\u00fdch akc\u00edch.<\/p>\n","protected":false},"excerpt":{"rendered":"<p>Sout\u011b\u017e o nejlep\u0161\u00ed potravin\u00e1\u0159sk\u00fd v\u00fdrobek Pardubick\u00e9ho krajeMotto sout\u011b\u017ee: \u201ePodporujeme potravin\u00e1\u0159sk\u00e9 v\u00fdrobky a v\u00fdrobce Pardubick\u00e9ho kraje\u201c Projekt MLS Pardubick\u00e9ho kraje organizuje za finan\u010dn\u00ed podpory Pardubick\u00e9ho kraje ji\u017e od roku 2006 obecn\u011b prosp\u011b\u0161n\u00e1 spole\u010dnost Agrovenkov. C\u00edlem sout\u011b\u017ee o nejlep\u0161\u00ed potravin\u00e1\u0159sk\u00e9 v\u00fdrobky Pardubick\u00e9ho kraje je podpora region\u00e1ln\u00edch v\u00fdrobc\u016f a pos\u00edlen\u00ed pov\u011bdom\u00ed spot\u0159ebitel\u016f o kvalitn\u00edch region\u00e1ln\u00edch v\u00fdrobc\u00edch. Ocen\u011bn\u00e9 v\u00fdrobky [&hellip;]<\/p>\n","protected":false},"author":1,"featured_media":0,"parent":0,"menu_order":0,"comment_status":"closed","ping_status":"closed","template":"","meta":{"footnotes":""},"class_list":["post-14","page","type-page","status-publish","hentry","entry"],"_links":{"self":[{"href":"https:\/\/mlspardubickehokraje.cz\/web\/wp-json\/wp\/v2\/pages\/14","targetHints":{"allow":["GET"]}}],"collection":[{"href":"https:\/\/mlspardubickehokraje.cz\/web\/wp-json\/wp\/v2\/pages"}],"about":[{"href":"https:\/\/mlspardubickehokraje.cz\/web\/wp-json\/wp\/v2\/types\/page"}],"author":[{"embeddable":true,"href":"https:\/\/mlspardubickehokraje.cz\/web\/wp-json\/wp\/v2\/users\/1"}],"replies":[{"embeddable":true,"href":"https:\/\/mlspardubickehokraje.cz\/web\/wp-json\/wp\/v2\/comments?post=14"}],"version-history":[{"count":6,"href":"https:\/\/mlspardubickehokraje.cz\/web\/wp-json\/wp\/v2\/pages\/14\/revisions"}],"predecessor-version":[{"id":735,"href":"https:\/\/mlspardubickehokraje.cz\/web\/wp-json\/wp\/v2\/pages\/14\/revisions\/735"}],"wp:attachment":[{"href":"https:\/\/mlspardubickehokraje.cz\/web\/wp-json\/wp\/v2\/media?parent=14"}],"curies":[{"name":"wp","href":"https:\/\/api.w.org\/{rel}","templated":true}]}}