{"id":16,"date":"2021-07-23T16:13:21","date_gmt":"2021-07-23T14:13:21","guid":{"rendered":"http:\/\/mlspardubickehokraje.cz\/web\/?page_id=16"},"modified":"2025-06-06T21:03:44","modified_gmt":"2025-06-06T19:03:44","slug":"pravidla-souteze","status":"publish","type":"page","link":"https:\/\/mlspardubickehokraje.cz\/web\/pravidla-souteze\/","title":{"rendered":"Pravidla sout\u011b\u017ee"},"content":{"rendered":"\n<p style=\"font-size:15px\"><strong>Potravin\u00e1\u0159sk\u00e1 sout\u011b\u017e MLS Pardubick\u00e9ho kraje je vyhla\u0161ov\u00e1na pro v\u00fdrobce potravin, kte\u0159\u00ed vyr\u00e1b\u011bj\u00ed na \u00fazem\u00ed Pardubick\u00e9ho kraje a sv\u016fj v\u00fdrobek dod\u00e1vaj\u00ed v dan\u00e9m roce ve spot\u0159ebitelsk\u00e9m mno\u017estv\u00ed do obchodn\u00ed s\u00edt\u011b nebo jej prod\u00e1vaj\u00ed &#8222;ze dvora&#8220;.<\/strong><\/p>\n\n\n\n<p style=\"font-size:15px\"><strong>Hodnocen\u00e9 kategorie:<\/strong><\/p>\n\n\n\n<p><strong>I.<\/strong> <strong>Ml\u00fdnsk\u00e9 a pek\u00e1rensk\u00e9 a cukr\u00e1\u0159sk\u00e9 v\u00fdrobky<\/strong><br>Peka\u0159sk\u00e9 v\u00fdrobky v\u010detn\u011b t\u011bstovin (chl\u00e9b, b\u011b\u017en\u00e9 pe\u010divo, jemn\u00e9 pe\u010divo, trvanliv\u00e9 pe\u010divo, t\u011bstoviny). Cukr\u00e1\u0159sk\u00e9 v\u00fdrobky v\u010detn\u011b cukrovinek.<br><br><strong>II. Ml\u00e9ko a ml\u00e9\u010dn\u00e9 v\u00fdrobky<\/strong><br>S\u00fdry v\u010detn\u011b tvarohu (p\u0159\u00edrodn\u00ed, taven\u00e9 a syrov\u00e1tkov\u00e9 s\u00fdry a tvarohy). Ml\u00e9\u010dn\u00e9 v\u00fdrobky ostatn\u00ed (ml\u00e9ko, kysan\u00e9 ml\u00e9\u010dn\u00e9 v\u00fdrobky, m\u00e1slo apod.).<br><br><strong>III. Maso a masn\u00e9 v\u00fdrobky<\/strong><br>Masn\u00e9 v\u00fdrobky tepeln\u011b opracovan\u00e9 (uzen\u00e9 maso, \u0161unkov\u00fd sal\u00e1m, gothajsk\u00fd sal\u00e1m, p\u00e1rky, \u0161pek\u00e1\u010dky, \u0161unka, tla\u010denka, jitrnice, slanina, grilovac\u00ed klob\u00e1sa, uzen\u00e9 koleno, pa\u0161tika apod.). Masn\u00e9 v\u00fdrobky trvanliv\u00e9, tepeln\u011b neopracovan\u00e9, konzervy a polokonzervy (fermentovan\u00e9 a tepeln\u011b opracovan\u00e9 v\u00fdrobky \u2013 poli\u010dan, paprik\u00e1\u0161, vyso\u010dina, herkules, turistick\u00fd sal\u00e1m, loveck\u00fd sal\u00e1m, klob\u00e1sa, su\u0161en\u00e1 \u0161unka apod.).<br><br><strong>IV. V\u00fdrobky z medu a ostatn\u00ed<\/strong><br>Alkoholick\u00e9 a nealkoholick\u00e9 n\u00e1poje (nap\u0159. piva, lihoviny, ostatn\u00ed alkoholick\u00e9 n\u00e1poje, \u0161\u0165\u00e1vy, nektary, ochucen\u00e9 nealkoholick\u00e9 n\u00e1poje, miner\u00e1ln\u00ed vody apod.). Ovoce a zelenina v \u010derstv\u00e9 nebo zpracovan\u00e9 form\u011b (\u010derstv\u00e1, su\u0161en\u00e1, proslazen\u00e9 nebo nakl\u00e1dan\u00e9 ovoce a zelenina, kompoty, d\u017eemy, povidla, apod.). Ostatn\u00ed (med, lah\u016fdk\u00e1\u0159sk\u00e9 v\u00fdrobky, sko\u0159\u00e1pkov\u00e9 plody apod.).<\/p>\n\n\n\n<p class=\"has-text-align-left has-white-color has-vivid-red-background-color has-text-color has-background has-small-font-size\"><strong><mark style=\"background-color:rgba(0, 0, 0, 0)\" class=\"has-inline-color has-white-color\">\u00dapln\u00e9 zn\u011bn\u00ed pravidel naleznete <a href=\"http:\/\/mlspardubickehokraje.cz\/web\/wp-content\/uploads\/2025\/06\/Zasady-souteze-MLS-Pardubickeho-kraje-2025.pdf\" target=\"_blank\" rel=\"noreferrer noopener\">ZDE<\/a><\/mark><\/strong><br><\/p>\n\n\n\n<p><\/p>\n","protected":false},"excerpt":{"rendered":"<p>Potravin\u00e1\u0159sk\u00e1 sout\u011b\u017e MLS Pardubick\u00e9ho kraje je vyhla\u0161ov\u00e1na pro v\u00fdrobce potravin, kte\u0159\u00ed vyr\u00e1b\u011bj\u00ed na \u00fazem\u00ed Pardubick\u00e9ho kraje a sv\u016fj v\u00fdrobek dod\u00e1vaj\u00ed v dan\u00e9m roce ve spot\u0159ebitelsk\u00e9m mno\u017estv\u00ed do obchodn\u00ed s\u00edt\u011b nebo jej prod\u00e1vaj\u00ed &#8222;ze dvora&#8220;. Hodnocen\u00e9 kategorie: I. Ml\u00fdnsk\u00e9 a pek\u00e1rensk\u00e9 a cukr\u00e1\u0159sk\u00e9 v\u00fdrobkyPeka\u0159sk\u00e9 v\u00fdrobky v\u010detn\u011b t\u011bstovin (chl\u00e9b, b\u011b\u017en\u00e9 pe\u010divo, jemn\u00e9 pe\u010divo, trvanliv\u00e9 pe\u010divo, t\u011bstoviny). Cukr\u00e1\u0159sk\u00e9 [&hellip;]<\/p>\n","protected":false},"author":1,"featured_media":0,"parent":0,"menu_order":0,"comment_status":"closed","ping_status":"closed","template":"","meta":{"footnotes":""},"class_list":["post-16","page","type-page","status-publish","hentry","entry"],"_links":{"self":[{"href":"https:\/\/mlspardubickehokraje.cz\/web\/wp-json\/wp\/v2\/pages\/16","targetHints":{"allow":["GET"]}}],"collection":[{"href":"https:\/\/mlspardubickehokraje.cz\/web\/wp-json\/wp\/v2\/pages"}],"about":[{"href":"https:\/\/mlspardubickehokraje.cz\/web\/wp-json\/wp\/v2\/types\/page"}],"author":[{"embeddable":true,"href":"https:\/\/mlspardubickehokraje.cz\/web\/wp-json\/wp\/v2\/users\/1"}],"replies":[{"embeddable":true,"href":"https:\/\/mlspardubickehokraje.cz\/web\/wp-json\/wp\/v2\/comments?post=16"}],"version-history":[{"count":11,"href":"https:\/\/mlspardubickehokraje.cz\/web\/wp-json\/wp\/v2\/pages\/16\/revisions"}],"predecessor-version":[{"id":2048,"href":"https:\/\/mlspardubickehokraje.cz\/web\/wp-json\/wp\/v2\/pages\/16\/revisions\/2048"}],"wp:attachment":[{"href":"https:\/\/mlspardubickehokraje.cz\/web\/wp-json\/wp\/v2\/media?parent=16"}],"curies":[{"name":"wp","href":"https:\/\/api.w.org\/{rel}","templated":true}]}}