{"id":2223,"date":"2025-10-03T00:59:29","date_gmt":"2025-10-02T22:59:29","guid":{"rendered":"https:\/\/mlspardubickehokraje.cz\/web\/?page_id=2223"},"modified":"2025-10-03T00:59:29","modified_gmt":"2025-10-02T22:59:29","slug":"katalog-ocenenych-vyrobku-2025","status":"publish","type":"page","link":"https:\/\/mlspardubickehokraje.cz\/web\/katalog-ocenenych-vyrobku-2025\/","title":{"rendered":"Katalog ocen\u011bn\u00fdch v\u00fdrobk\u016f &#8211; 2025"},"content":{"rendered":"\n<p>N\u00ed\u017ee je uveden p\u0159ehled ocen\u011bn\u00fdch v\u00fdrobk\u016f za rok 2025. Kliknut\u00edm na jednotliv\u00e9 produkty z\u00edsk\u00e1te v\u00edce informac\u00ed o dan\u00e9m produktu.<\/p>\n\n\n<div class=\"wp-block-image\">\n<figure class=\"alignright size-large is-resized\"><a href=\"https:\/\/mlspardubickehokraje.cz\/web\/wp-content\/uploads\/2025\/10\/4.jpg\"><img loading=\"lazy\" decoding=\"async\" width=\"1024\" height=\"722\" src=\"https:\/\/mlspardubickehokraje.cz\/web\/wp-content\/uploads\/2025\/10\/4-1024x722.jpg\" alt=\"\" class=\"wp-image-2232\" style=\"width:400px\" srcset=\"https:\/\/mlspardubickehokraje.cz\/web\/wp-content\/uploads\/2025\/10\/4-1024x722.jpg 1024w, https:\/\/mlspardubickehokraje.cz\/web\/wp-content\/uploads\/2025\/10\/4-300x212.jpg 300w, https:\/\/mlspardubickehokraje.cz\/web\/wp-content\/uploads\/2025\/10\/4-768x541.jpg 768w, https:\/\/mlspardubickehokraje.cz\/web\/wp-content\/uploads\/2025\/10\/4.jpg 1190w\" sizes=\"auto, (max-width: 1024px) 100vw, 1024px\" \/><\/a><\/figure>\n<\/div>\n\n\n<figure class=\"wp-block-image size-large is-resized\"><a href=\"https:\/\/mlspardubickehokraje.cz\/web\/wp-content\/uploads\/2025\/10\/3.jpg\"><img loading=\"lazy\" decoding=\"async\" width=\"1024\" height=\"722\" src=\"https:\/\/mlspardubickehokraje.cz\/web\/wp-content\/uploads\/2025\/10\/3-1024x722.jpg\" alt=\"\" class=\"wp-image-2231\" style=\"width:400px\" srcset=\"https:\/\/mlspardubickehokraje.cz\/web\/wp-content\/uploads\/2025\/10\/3-1024x722.jpg 1024w, https:\/\/mlspardubickehokraje.cz\/web\/wp-content\/uploads\/2025\/10\/3-300x212.jpg 300w, https:\/\/mlspardubickehokraje.cz\/web\/wp-content\/uploads\/2025\/10\/3-768x541.jpg 768w, https:\/\/mlspardubickehokraje.cz\/web\/wp-content\/uploads\/2025\/10\/3.jpg 1190w\" sizes=\"auto, (max-width: 1024px) 100vw, 1024px\" \/><\/a><\/figure>\n\n\n<div class=\"wp-block-image\">\n<figure class=\"alignright size-large is-resized\"><a href=\"https:\/\/mlspardubickehokraje.cz\/web\/wp-content\/uploads\/2025\/10\/6.jpg\"><img loading=\"lazy\" decoding=\"async\" width=\"1024\" height=\"722\" src=\"https:\/\/mlspardubickehokraje.cz\/web\/wp-content\/uploads\/2025\/10\/6-1024x722.jpg\" alt=\"\" class=\"wp-image-2235\" style=\"width:400px\" srcset=\"https:\/\/mlspardubickehokraje.cz\/web\/wp-content\/uploads\/2025\/10\/6-1024x722.jpg 1024w, https:\/\/mlspardubickehokraje.cz\/web\/wp-content\/uploads\/2025\/10\/6-300x212.jpg 300w, https:\/\/mlspardubickehokraje.cz\/web\/wp-content\/uploads\/2025\/10\/6-768x541.jpg 768w, https:\/\/mlspardubickehokraje.cz\/web\/wp-content\/uploads\/2025\/10\/6.jpg 1190w\" sizes=\"auto, (max-width: 1024px) 100vw, 1024px\" \/><\/a><\/figure>\n<\/div>\n\n\n<figure class=\"wp-block-image size-large is-resized\"><a href=\"https:\/\/mlspardubickehokraje.cz\/web\/wp-content\/uploads\/2025\/10\/5.jpg\"><img loading=\"lazy\" decoding=\"async\" width=\"1024\" height=\"722\" src=\"https:\/\/mlspardubickehokraje.cz\/web\/wp-content\/uploads\/2025\/10\/5-1024x722.jpg\" alt=\"\" class=\"wp-image-2234\" style=\"width:400px\" srcset=\"https:\/\/mlspardubickehokraje.cz\/web\/wp-content\/uploads\/2025\/10\/5-1024x722.jpg 1024w, https:\/\/mlspardubickehokraje.cz\/web\/wp-content\/uploads\/2025\/10\/5-300x212.jpg 300w, https:\/\/mlspardubickehokraje.cz\/web\/wp-content\/uploads\/2025\/10\/5-768x541.jpg 768w, https:\/\/mlspardubickehokraje.cz\/web\/wp-content\/uploads\/2025\/10\/5.jpg 1190w\" sizes=\"auto, (max-width: 1024px) 100vw, 1024px\" \/><\/a><\/figure>\n\n\n<div class=\"wp-block-image\">\n<figure class=\"alignright size-large is-resized\"><a href=\"https:\/\/mlspardubickehokraje.cz\/web\/wp-content\/uploads\/2025\/10\/8.jpg\"><img loading=\"lazy\" decoding=\"async\" width=\"1024\" height=\"722\" src=\"https:\/\/mlspardubickehokraje.cz\/web\/wp-content\/uploads\/2025\/10\/8-1024x722.jpg\" alt=\"\" class=\"wp-image-2237\" style=\"width:400px\" srcset=\"https:\/\/mlspardubickehokraje.cz\/web\/wp-content\/uploads\/2025\/10\/8-1024x722.jpg 1024w, https:\/\/mlspardubickehokraje.cz\/web\/wp-content\/uploads\/2025\/10\/8-300x212.jpg 300w, https:\/\/mlspardubickehokraje.cz\/web\/wp-content\/uploads\/2025\/10\/8-768x541.jpg 768w, https:\/\/mlspardubickehokraje.cz\/web\/wp-content\/uploads\/2025\/10\/8.jpg 1190w\" sizes=\"auto, (max-width: 1024px) 100vw, 1024px\" \/><\/a><\/figure>\n<\/div>\n\n\n<figure class=\"wp-block-image size-large is-resized\"><a href=\"https:\/\/mlspardubickehokraje.cz\/web\/wp-content\/uploads\/2025\/10\/7.jpg\"><img loading=\"lazy\" decoding=\"async\" width=\"1024\" height=\"722\" src=\"https:\/\/mlspardubickehokraje.cz\/web\/wp-content\/uploads\/2025\/10\/7-1024x722.jpg\" alt=\"\" class=\"wp-image-2236\" style=\"width:400px;height:auto\" srcset=\"https:\/\/mlspardubickehokraje.cz\/web\/wp-content\/uploads\/2025\/10\/7-1024x722.jpg 1024w, https:\/\/mlspardubickehokraje.cz\/web\/wp-content\/uploads\/2025\/10\/7-300x212.jpg 300w, https:\/\/mlspardubickehokraje.cz\/web\/wp-content\/uploads\/2025\/10\/7-768x541.jpg 768w, https:\/\/mlspardubickehokraje.cz\/web\/wp-content\/uploads\/2025\/10\/7.jpg 1190w\" sizes=\"auto, (max-width: 1024px) 100vw, 1024px\" \/><\/a><\/figure>\n\n\n<div class=\"wp-block-image\">\n<figure class=\"alignright size-large is-resized\"><a href=\"https:\/\/mlspardubickehokraje.cz\/web\/wp-content\/uploads\/2025\/10\/10.jpg\"><img loading=\"lazy\" decoding=\"async\" width=\"1024\" height=\"722\" src=\"https:\/\/mlspardubickehokraje.cz\/web\/wp-content\/uploads\/2025\/10\/10-1024x722.jpg\" alt=\"\" class=\"wp-image-2241\" style=\"width:400px\" srcset=\"https:\/\/mlspardubickehokraje.cz\/web\/wp-content\/uploads\/2025\/10\/10-1024x722.jpg 1024w, https:\/\/mlspardubickehokraje.cz\/web\/wp-content\/uploads\/2025\/10\/10-300x212.jpg 300w, https:\/\/mlspardubickehokraje.cz\/web\/wp-content\/uploads\/2025\/10\/10-768x541.jpg 768w, https:\/\/mlspardubickehokraje.cz\/web\/wp-content\/uploads\/2025\/10\/10.jpg 1190w\" sizes=\"auto, (max-width: 1024px) 100vw, 1024px\" \/><\/a><\/figure>\n<\/div>\n\n\n<figure class=\"wp-block-image size-large is-resized\"><a href=\"https:\/\/mlspardubickehokraje.cz\/web\/wp-content\/uploads\/2025\/10\/9.jpg\"><img loading=\"lazy\" decoding=\"async\" width=\"1024\" height=\"722\" src=\"https:\/\/mlspardubickehokraje.cz\/web\/wp-content\/uploads\/2025\/10\/9-1024x722.jpg\" alt=\"\" class=\"wp-image-2240\" style=\"width:400px\" srcset=\"https:\/\/mlspardubickehokraje.cz\/web\/wp-content\/uploads\/2025\/10\/9-1024x722.jpg 1024w, https:\/\/mlspardubickehokraje.cz\/web\/wp-content\/uploads\/2025\/10\/9-300x212.jpg 300w, https:\/\/mlspardubickehokraje.cz\/web\/wp-content\/uploads\/2025\/10\/9-768x541.jpg 768w, https:\/\/mlspardubickehokraje.cz\/web\/wp-content\/uploads\/2025\/10\/9.jpg 1190w\" sizes=\"auto, (max-width: 1024px) 100vw, 1024px\" \/><\/a><\/figure>\n\n\n<div class=\"wp-block-image\">\n<figure class=\"alignright size-large is-resized\"><a href=\"https:\/\/mlspardubickehokraje.cz\/web\/wp-content\/uploads\/2025\/10\/12.jpg\"><img loading=\"lazy\" decoding=\"async\" width=\"1024\" height=\"722\" src=\"https:\/\/mlspardubickehokraje.cz\/web\/wp-content\/uploads\/2025\/10\/12-1024x722.jpg\" alt=\"\" class=\"wp-image-2243\" style=\"width:400px\" srcset=\"https:\/\/mlspardubickehokraje.cz\/web\/wp-content\/uploads\/2025\/10\/12-1024x722.jpg 1024w, https:\/\/mlspardubickehokraje.cz\/web\/wp-content\/uploads\/2025\/10\/12-300x212.jpg 300w, https:\/\/mlspardubickehokraje.cz\/web\/wp-content\/uploads\/2025\/10\/12-768x541.jpg 768w, https:\/\/mlspardubickehokraje.cz\/web\/wp-content\/uploads\/2025\/10\/12.jpg 1190w\" sizes=\"auto, (max-width: 1024px) 100vw, 1024px\" \/><\/a><\/figure>\n<\/div>\n\n\n<figure class=\"wp-block-image size-large is-resized\"><a href=\"https:\/\/mlspardubickehokraje.cz\/web\/wp-content\/uploads\/2025\/10\/11.jpg\"><img loading=\"lazy\" decoding=\"async\" width=\"1024\" height=\"722\" src=\"https:\/\/mlspardubickehokraje.cz\/web\/wp-content\/uploads\/2025\/10\/11-1024x722.jpg\" alt=\"\" class=\"wp-image-2242\" style=\"width:400px\" srcset=\"https:\/\/mlspardubickehokraje.cz\/web\/wp-content\/uploads\/2025\/10\/11-1024x722.jpg 1024w, https:\/\/mlspardubickehokraje.cz\/web\/wp-content\/uploads\/2025\/10\/11-300x212.jpg 300w, https:\/\/mlspardubickehokraje.cz\/web\/wp-content\/uploads\/2025\/10\/11-768x541.jpg 768w, https:\/\/mlspardubickehokraje.cz\/web\/wp-content\/uploads\/2025\/10\/11.jpg 1190w\" sizes=\"auto, (max-width: 1024px) 100vw, 1024px\" \/><\/a><\/figure>\n\n\n<div class=\"wp-block-image\">\n<figure class=\"alignright size-large is-resized\"><a href=\"https:\/\/mlspardubickehokraje.cz\/web\/wp-content\/uploads\/2025\/10\/14.jpg\"><img loading=\"lazy\" decoding=\"async\" width=\"1024\" height=\"722\" src=\"https:\/\/mlspardubickehokraje.cz\/web\/wp-content\/uploads\/2025\/10\/14-1024x722.jpg\" alt=\"\" class=\"wp-image-2245\" style=\"width:400px\" srcset=\"https:\/\/mlspardubickehokraje.cz\/web\/wp-content\/uploads\/2025\/10\/14-1024x722.jpg 1024w, https:\/\/mlspardubickehokraje.cz\/web\/wp-content\/uploads\/2025\/10\/14-300x212.jpg 300w, https:\/\/mlspardubickehokraje.cz\/web\/wp-content\/uploads\/2025\/10\/14-768x541.jpg 768w, https:\/\/mlspardubickehokraje.cz\/web\/wp-content\/uploads\/2025\/10\/14.jpg 1190w\" sizes=\"auto, (max-width: 1024px) 100vw, 1024px\" \/><\/a><\/figure>\n<\/div>\n\n\n<figure class=\"wp-block-image size-large is-resized\"><a href=\"https:\/\/mlspardubickehokraje.cz\/web\/wp-content\/uploads\/2025\/10\/13.jpg\"><img loading=\"lazy\" decoding=\"async\" width=\"1024\" height=\"722\" src=\"https:\/\/mlspardubickehokraje.cz\/web\/wp-content\/uploads\/2025\/10\/13-1024x722.jpg\" alt=\"\" class=\"wp-image-2244\" style=\"width:400px\" srcset=\"https:\/\/mlspardubickehokraje.cz\/web\/wp-content\/uploads\/2025\/10\/13-1024x722.jpg 1024w, https:\/\/mlspardubickehokraje.cz\/web\/wp-content\/uploads\/2025\/10\/13-300x212.jpg 300w, https:\/\/mlspardubickehokraje.cz\/web\/wp-content\/uploads\/2025\/10\/13-768x541.jpg 768w, https:\/\/mlspardubickehokraje.cz\/web\/wp-content\/uploads\/2025\/10\/13.jpg 1190w\" sizes=\"auto, (max-width: 1024px) 100vw, 1024px\" \/><\/a><\/figure>\n\n\n<div class=\"wp-block-image\">\n<figure class=\"alignright size-large is-resized\"><a href=\"https:\/\/mlspardubickehokraje.cz\/web\/wp-content\/uploads\/2025\/10\/16.jpg\"><img loading=\"lazy\" decoding=\"async\" width=\"1024\" height=\"722\" src=\"https:\/\/mlspardubickehokraje.cz\/web\/wp-content\/uploads\/2025\/10\/16-1024x722.jpg\" alt=\"\" class=\"wp-image-2248\" style=\"width:400px\" srcset=\"https:\/\/mlspardubickehokraje.cz\/web\/wp-content\/uploads\/2025\/10\/16-1024x722.jpg 1024w, https:\/\/mlspardubickehokraje.cz\/web\/wp-content\/uploads\/2025\/10\/16-300x212.jpg 300w, https:\/\/mlspardubickehokraje.cz\/web\/wp-content\/uploads\/2025\/10\/16-768x541.jpg 768w, https:\/\/mlspardubickehokraje.cz\/web\/wp-content\/uploads\/2025\/10\/16.jpg 1190w\" sizes=\"auto, (max-width: 1024px) 100vw, 1024px\" \/><\/a><\/figure>\n<\/div>\n\n\n<figure class=\"wp-block-image size-large is-resized\"><a href=\"https:\/\/mlspardubickehokraje.cz\/web\/wp-content\/uploads\/2025\/10\/15.jpg\"><img loading=\"lazy\" decoding=\"async\" width=\"1024\" height=\"722\" src=\"https:\/\/mlspardubickehokraje.cz\/web\/wp-content\/uploads\/2025\/10\/15-1024x722.jpg\" alt=\"\" class=\"wp-image-2246\" style=\"width:400px\" srcset=\"https:\/\/mlspardubickehokraje.cz\/web\/wp-content\/uploads\/2025\/10\/15-1024x722.jpg 1024w, https:\/\/mlspardubickehokraje.cz\/web\/wp-content\/uploads\/2025\/10\/15-300x212.jpg 300w, https:\/\/mlspardubickehokraje.cz\/web\/wp-content\/uploads\/2025\/10\/15-768x541.jpg 768w, https:\/\/mlspardubickehokraje.cz\/web\/wp-content\/uploads\/2025\/10\/15.jpg 1190w\" sizes=\"auto, (max-width: 1024px) 100vw, 1024px\" \/><\/a><\/figure>\n\n\n<div class=\"wp-block-image\">\n<figure class=\"alignright size-large is-resized\"><a href=\"https:\/\/mlspardubickehokraje.cz\/web\/wp-content\/uploads\/2025\/10\/18.jpg\"><img loading=\"lazy\" decoding=\"async\" width=\"1024\" height=\"722\" src=\"https:\/\/mlspardubickehokraje.cz\/web\/wp-content\/uploads\/2025\/10\/18-1024x722.jpg\" alt=\"\" class=\"wp-image-2250\" style=\"width:400px\" srcset=\"https:\/\/mlspardubickehokraje.cz\/web\/wp-content\/uploads\/2025\/10\/18-1024x722.jpg 1024w, https:\/\/mlspardubickehokraje.cz\/web\/wp-content\/uploads\/2025\/10\/18-300x212.jpg 300w, https:\/\/mlspardubickehokraje.cz\/web\/wp-content\/uploads\/2025\/10\/18-768x541.jpg 768w, https:\/\/mlspardubickehokraje.cz\/web\/wp-content\/uploads\/2025\/10\/18.jpg 1190w\" sizes=\"auto, (max-width: 1024px) 100vw, 1024px\" \/><\/a><\/figure>\n<\/div>\n\n\n<figure class=\"wp-block-image size-large is-resized\"><a href=\"https:\/\/mlspardubickehokraje.cz\/web\/wp-content\/uploads\/2025\/10\/17.jpg\"><img loading=\"lazy\" decoding=\"async\" width=\"1024\" height=\"722\" src=\"https:\/\/mlspardubickehokraje.cz\/web\/wp-content\/uploads\/2025\/10\/17-1024x722.jpg\" alt=\"\" class=\"wp-image-2249\" style=\"width:400px\" srcset=\"https:\/\/mlspardubickehokraje.cz\/web\/wp-content\/uploads\/2025\/10\/17-1024x722.jpg 1024w, https:\/\/mlspardubickehokraje.cz\/web\/wp-content\/uploads\/2025\/10\/17-300x212.jpg 300w, https:\/\/mlspardubickehokraje.cz\/web\/wp-content\/uploads\/2025\/10\/17-768x541.jpg 768w, https:\/\/mlspardubickehokraje.cz\/web\/wp-content\/uploads\/2025\/10\/17.jpg 1190w\" sizes=\"auto, (max-width: 1024px) 100vw, 1024px\" \/><\/a><\/figure>\n\n\n<div class=\"wp-block-image\">\n<figure class=\"alignright size-large is-resized\"><a href=\"https:\/\/mlspardubickehokraje.cz\/web\/wp-content\/uploads\/2025\/10\/20.jpg\"><img loading=\"lazy\" decoding=\"async\" width=\"1024\" height=\"722\" src=\"https:\/\/mlspardubickehokraje.cz\/web\/wp-content\/uploads\/2025\/10\/20-1024x722.jpg\" alt=\"\" class=\"wp-image-2255\" style=\"width:400px\" srcset=\"https:\/\/mlspardubickehokraje.cz\/web\/wp-content\/uploads\/2025\/10\/20-1024x722.jpg 1024w, https:\/\/mlspardubickehokraje.cz\/web\/wp-content\/uploads\/2025\/10\/20-300x212.jpg 300w, https:\/\/mlspardubickehokraje.cz\/web\/wp-content\/uploads\/2025\/10\/20-768x541.jpg 768w, https:\/\/mlspardubickehokraje.cz\/web\/wp-content\/uploads\/2025\/10\/20.jpg 1190w\" sizes=\"auto, (max-width: 1024px) 100vw, 1024px\" \/><\/a><\/figure>\n<\/div>\n\n\n<figure class=\"wp-block-image size-large is-resized\"><a href=\"https:\/\/mlspardubickehokraje.cz\/web\/wp-content\/uploads\/2025\/10\/19.jpg\"><img loading=\"lazy\" decoding=\"async\" width=\"1024\" height=\"722\" src=\"https:\/\/mlspardubickehokraje.cz\/web\/wp-content\/uploads\/2025\/10\/19-1024x722.jpg\" alt=\"\" class=\"wp-image-2254\" style=\"width:400px\" srcset=\"https:\/\/mlspardubickehokraje.cz\/web\/wp-content\/uploads\/2025\/10\/19-1024x722.jpg 1024w, https:\/\/mlspardubickehokraje.cz\/web\/wp-content\/uploads\/2025\/10\/19-300x212.jpg 300w, https:\/\/mlspardubickehokraje.cz\/web\/wp-content\/uploads\/2025\/10\/19-768x541.jpg 768w, https:\/\/mlspardubickehokraje.cz\/web\/wp-content\/uploads\/2025\/10\/19.jpg 1190w\" sizes=\"auto, (max-width: 1024px) 100vw, 1024px\" \/><\/a><\/figure>\n\n\n<div class=\"wp-block-image\">\n<figure class=\"alignright size-large is-resized\"><a href=\"https:\/\/mlspardubickehokraje.cz\/web\/wp-content\/uploads\/2025\/10\/22.jpg\"><img loading=\"lazy\" decoding=\"async\" width=\"1190\" height=\"839\" src=\"https:\/\/mlspardubickehokraje.cz\/web\/wp-content\/uploads\/2025\/10\/22-1024x722.jpg\" alt=\"\" class=\"wp-image-2257\" style=\"width:400px\" srcset=\"https:\/\/mlspardubickehokraje.cz\/web\/wp-content\/uploads\/2025\/10\/22-1024x722.jpg 1024w, https:\/\/mlspardubickehokraje.cz\/web\/wp-content\/uploads\/2025\/10\/22-300x212.jpg 300w, https:\/\/mlspardubickehokraje.cz\/web\/wp-content\/uploads\/2025\/10\/22-768x541.jpg 768w, https:\/\/mlspardubickehokraje.cz\/web\/wp-content\/uploads\/2025\/10\/22.jpg 1190w\" sizes=\"auto, (max-width: 1190px) 100vw, 1190px\" \/><\/a><\/figure>\n<\/div>\n\n\n<figure class=\"wp-block-image size-large is-resized\"><a href=\"https:\/\/mlspardubickehokraje.cz\/web\/wp-content\/uploads\/2025\/10\/21.jpg\"><img loading=\"lazy\" decoding=\"async\" width=\"1024\" height=\"722\" src=\"https:\/\/mlspardubickehokraje.cz\/web\/wp-content\/uploads\/2025\/10\/21-1024x722.jpg\" alt=\"\" class=\"wp-image-2256\" style=\"width:400px\" srcset=\"https:\/\/mlspardubickehokraje.cz\/web\/wp-content\/uploads\/2025\/10\/21-1024x722.jpg 1024w, https:\/\/mlspardubickehokraje.cz\/web\/wp-content\/uploads\/2025\/10\/21-300x212.jpg 300w, https:\/\/mlspardubickehokraje.cz\/web\/wp-content\/uploads\/2025\/10\/21-768x541.jpg 768w, https:\/\/mlspardubickehokraje.cz\/web\/wp-content\/uploads\/2025\/10\/21.jpg 1190w\" sizes=\"auto, (max-width: 1024px) 100vw, 1024px\" \/><\/a><\/figure>\n\n\n<div class=\"wp-block-image\">\n<figure class=\"alignright size-large is-resized\"><a href=\"https:\/\/mlspardubickehokraje.cz\/web\/wp-content\/uploads\/2025\/10\/24.jpg\"><img loading=\"lazy\" decoding=\"async\" width=\"1024\" height=\"722\" src=\"http:\/\/mlspardubickehokraje.cz\/web\/wp-content\/uploads\/2025\/10\/24-1024x722.jpg\" alt=\"\" class=\"wp-image-2262\" style=\"width:400px\" srcset=\"https:\/\/mlspardubickehokraje.cz\/web\/wp-content\/uploads\/2025\/10\/24-1024x722.jpg 1024w, https:\/\/mlspardubickehokraje.cz\/web\/wp-content\/uploads\/2025\/10\/24-300x212.jpg 300w, https:\/\/mlspardubickehokraje.cz\/web\/wp-content\/uploads\/2025\/10\/24-768x541.jpg 768w, https:\/\/mlspardubickehokraje.cz\/web\/wp-content\/uploads\/2025\/10\/24.jpg 1190w\" sizes=\"auto, (max-width: 1024px) 100vw, 1024px\" \/><\/a><\/figure>\n<\/div>\n\n\n<figure class=\"wp-block-image size-large is-resized\"><a href=\"https:\/\/mlspardubickehokraje.cz\/web\/wp-content\/uploads\/2025\/10\/23.jpg\"><img loading=\"lazy\" decoding=\"async\" width=\"1024\" height=\"722\" src=\"https:\/\/mlspardubickehokraje.cz\/web\/wp-content\/uploads\/2025\/10\/23-1024x722.jpg\" alt=\"\" class=\"wp-image-2258\" style=\"width:400px\" srcset=\"https:\/\/mlspardubickehokraje.cz\/web\/wp-content\/uploads\/2025\/10\/23-1024x722.jpg 1024w, https:\/\/mlspardubickehokraje.cz\/web\/wp-content\/uploads\/2025\/10\/23-300x212.jpg 300w, https:\/\/mlspardubickehokraje.cz\/web\/wp-content\/uploads\/2025\/10\/23-768x541.jpg 768w, https:\/\/mlspardubickehokraje.cz\/web\/wp-content\/uploads\/2025\/10\/23.jpg 1190w\" sizes=\"auto, (max-width: 1024px) 100vw, 1024px\" \/><\/a><\/figure>\n\n\n<div class=\"wp-block-image\">\n<figure class=\"alignright size-large is-resized\"><a href=\"https:\/\/mlspardubickehokraje.cz\/web\/wp-content\/uploads\/2025\/10\/26.jpg\"><img loading=\"lazy\" decoding=\"async\" width=\"1024\" height=\"722\" src=\"https:\/\/mlspardubickehokraje.cz\/web\/wp-content\/uploads\/2025\/10\/26-1024x722.jpg\" alt=\"\" class=\"wp-image-2263\" style=\"width:400px\" srcset=\"https:\/\/mlspardubickehokraje.cz\/web\/wp-content\/uploads\/2025\/10\/26-1024x722.jpg 1024w, https:\/\/mlspardubickehokraje.cz\/web\/wp-content\/uploads\/2025\/10\/26-300x212.jpg 300w, https:\/\/mlspardubickehokraje.cz\/web\/wp-content\/uploads\/2025\/10\/26-768x541.jpg 768w, https:\/\/mlspardubickehokraje.cz\/web\/wp-content\/uploads\/2025\/10\/26.jpg 1190w\" sizes=\"auto, (max-width: 1024px) 100vw, 1024px\" \/><\/a><\/figure>\n<\/div>\n\n\n<figure class=\"wp-block-image size-large is-resized\"><a href=\"https:\/\/mlspardubickehokraje.cz\/web\/wp-content\/uploads\/2025\/10\/25.jpg\"><img loading=\"lazy\" decoding=\"async\" width=\"1024\" height=\"722\" src=\"https:\/\/mlspardubickehokraje.cz\/web\/wp-content\/uploads\/2025\/10\/25-1024x722.jpg\" alt=\"\" class=\"wp-image-2259\" style=\"width:400px\" srcset=\"https:\/\/mlspardubickehokraje.cz\/web\/wp-content\/uploads\/2025\/10\/25-1024x722.jpg 1024w, https:\/\/mlspardubickehokraje.cz\/web\/wp-content\/uploads\/2025\/10\/25-300x212.jpg 300w, https:\/\/mlspardubickehokraje.cz\/web\/wp-content\/uploads\/2025\/10\/25-768x541.jpg 768w, https:\/\/mlspardubickehokraje.cz\/web\/wp-content\/uploads\/2025\/10\/25.jpg 1190w\" sizes=\"auto, (max-width: 1024px) 100vw, 1024px\" \/><\/a><\/figure>\n\n\n<div class=\"wp-block-image\">\n<figure class=\"alignright size-large is-resized\"><a href=\"https:\/\/mlspardubickehokraje.cz\/web\/wp-content\/uploads\/2025\/10\/28.jpg\"><img loading=\"lazy\" decoding=\"async\" width=\"1024\" height=\"722\" src=\"https:\/\/mlspardubickehokraje.cz\/web\/wp-content\/uploads\/2025\/10\/28-1024x722.jpg\" alt=\"\" class=\"wp-image-2266\" style=\"width:400px\" srcset=\"https:\/\/mlspardubickehokraje.cz\/web\/wp-content\/uploads\/2025\/10\/28-1024x722.jpg 1024w, https:\/\/mlspardubickehokraje.cz\/web\/wp-content\/uploads\/2025\/10\/28-300x212.jpg 300w, https:\/\/mlspardubickehokraje.cz\/web\/wp-content\/uploads\/2025\/10\/28-768x541.jpg 768w, https:\/\/mlspardubickehokraje.cz\/web\/wp-content\/uploads\/2025\/10\/28.jpg 1190w\" sizes=\"auto, (max-width: 1024px) 100vw, 1024px\" \/><\/a><\/figure>\n<\/div>\n\n\n<figure class=\"wp-block-image size-large is-resized\"><a href=\"https:\/\/mlspardubickehokraje.cz\/web\/wp-content\/uploads\/2025\/10\/27.jpg\"><img loading=\"lazy\" decoding=\"async\" width=\"1024\" height=\"722\" src=\"http:\/\/mlspardubickehokraje.cz\/web\/wp-content\/uploads\/2025\/10\/27-1024x722.jpg\" alt=\"\" class=\"wp-image-2264\" style=\"width:400px\" srcset=\"https:\/\/mlspardubickehokraje.cz\/web\/wp-content\/uploads\/2025\/10\/27-1024x722.jpg 1024w, https:\/\/mlspardubickehokraje.cz\/web\/wp-content\/uploads\/2025\/10\/27-300x212.jpg 300w, https:\/\/mlspardubickehokraje.cz\/web\/wp-content\/uploads\/2025\/10\/27-768x541.jpg 768w, https:\/\/mlspardubickehokraje.cz\/web\/wp-content\/uploads\/2025\/10\/27.jpg 1190w\" sizes=\"auto, (max-width: 1024px) 100vw, 1024px\" \/><\/a><\/figure>\n\n\n<div class=\"wp-block-image\">\n<figure class=\"alignright size-large is-resized\"><a href=\"https:\/\/mlspardubickehokraje.cz\/web\/wp-content\/uploads\/2025\/10\/33.jpg\"><img loading=\"lazy\" decoding=\"async\" width=\"1024\" height=\"722\" src=\"https:\/\/mlspardubickehokraje.cz\/web\/wp-content\/uploads\/2025\/10\/33-1024x722.jpg\" alt=\"\" class=\"wp-image-2268\" style=\"width:400px\" srcset=\"https:\/\/mlspardubickehokraje.cz\/web\/wp-content\/uploads\/2025\/10\/33-1024x722.jpg 1024w, https:\/\/mlspardubickehokraje.cz\/web\/wp-content\/uploads\/2025\/10\/33-300x212.jpg 300w, https:\/\/mlspardubickehokraje.cz\/web\/wp-content\/uploads\/2025\/10\/33-768x541.jpg 768w, https:\/\/mlspardubickehokraje.cz\/web\/wp-content\/uploads\/2025\/10\/33.jpg 1190w\" sizes=\"auto, (max-width: 1024px) 100vw, 1024px\" \/><\/a><\/figure>\n<\/div>\n\n\n<figure class=\"wp-block-image size-large is-resized\"><a href=\"https:\/\/mlspardubickehokraje.cz\/web\/wp-content\/uploads\/2025\/10\/29.jpg\"><img loading=\"lazy\" decoding=\"async\" width=\"1024\" height=\"722\" src=\"https:\/\/mlspardubickehokraje.cz\/web\/wp-content\/uploads\/2025\/10\/29-1024x722.jpg\" alt=\"\" class=\"wp-image-2267\" style=\"width:400px\" srcset=\"https:\/\/mlspardubickehokraje.cz\/web\/wp-content\/uploads\/2025\/10\/29-1024x722.jpg 1024w, https:\/\/mlspardubickehokraje.cz\/web\/wp-content\/uploads\/2025\/10\/29-300x212.jpg 300w, https:\/\/mlspardubickehokraje.cz\/web\/wp-content\/uploads\/2025\/10\/29-768x541.jpg 768w, https:\/\/mlspardubickehokraje.cz\/web\/wp-content\/uploads\/2025\/10\/29.jpg 1190w\" sizes=\"auto, (max-width: 1024px) 100vw, 1024px\" \/><\/a><\/figure>\n\n\n\n<p><\/p>\n","protected":false},"excerpt":{"rendered":"<p>N\u00ed\u017ee je uveden p\u0159ehled ocen\u011bn\u00fdch v\u00fdrobk\u016f za rok 2025. Kliknut\u00edm na jednotliv\u00e9 produkty z\u00edsk\u00e1te v\u00edce informac\u00ed o dan\u00e9m produktu.<\/p>\n","protected":false},"author":3,"featured_media":0,"parent":0,"menu_order":0,"comment_status":"closed","ping_status":"closed","template":"","meta":{"footnotes":""},"class_list":["post-2223","page","type-page","status-publish","hentry","entry"],"_links":{"self":[{"href":"https:\/\/mlspardubickehokraje.cz\/web\/wp-json\/wp\/v2\/pages\/2223","targetHints":{"allow":["GET"]}}],"collection":[{"href":"https:\/\/mlspardubickehokraje.cz\/web\/wp-json\/wp\/v2\/pages"}],"about":[{"href":"https:\/\/mlspardubickehokraje.cz\/web\/wp-json\/wp\/v2\/types\/page"}],"author":[{"embeddable":true,"href":"https:\/\/mlspardubickehokraje.cz\/web\/wp-json\/wp\/v2\/users\/3"}],"replies":[{"embeddable":true,"href":"https:\/\/mlspardubickehokraje.cz\/web\/wp-json\/wp\/v2\/comments?post=2223"}],"version-history":[{"count":9,"href":"https:\/\/mlspardubickehokraje.cz\/web\/wp-json\/wp\/v2\/pages\/2223\/revisions"}],"predecessor-version":[{"id":2270,"href":"https:\/\/mlspardubickehokraje.cz\/web\/wp-json\/wp\/v2\/pages\/2223\/revisions\/2270"}],"wp:attachment":[{"href":"https:\/\/mlspardubickehokraje.cz\/web\/wp-json\/wp\/v2\/media?parent=2223"}],"curies":[{"name":"wp","href":"https:\/\/api.w.org\/{rel}","templated":true}]}}