{"id":338,"date":"2021-10-15T16:45:11","date_gmt":"2021-10-15T14:45:11","guid":{"rendered":"http:\/\/mlspardubickehokraje.cz\/web\/?page_id=338"},"modified":"2026-02-05T14:19:47","modified_gmt":"2026-02-05T13:19:47","slug":"katalog-ocenenych-vyrobku","status":"publish","type":"page","link":"https:\/\/mlspardubickehokraje.cz\/web\/katalog-ocenenych-vyrobku\/","title":{"rendered":"Katalog ocen\u011bn\u00fdch v\u00fdrobk\u016f"},"content":{"rendered":"\n<p>N\u00ed\u017ee vyberte ro\u010dn\u00edk pro zobrazen\u00ed ocen\u011bn\u00fdch v\u00fdrobk\u016f.<\/p>\n\n\n\n<figure class=\"wp-block-image size-large\"><a href=\"https:\/\/mlspardubickehokraje.cz\/web\/katalog-ocenenych-vyrobku-2025\/\"><img loading=\"lazy\" decoding=\"async\" width=\"1024\" height=\"724\" src=\"https:\/\/mlspardubickehokraje.cz\/web\/wp-content\/uploads\/2025\/10\/katalog-1-1024x724.png\" alt=\"\" class=\"wp-image-2271\" srcset=\"https:\/\/mlspardubickehokraje.cz\/web\/wp-content\/uploads\/2025\/10\/katalog-1-1024x724.png 1024w, https:\/\/mlspardubickehokraje.cz\/web\/wp-content\/uploads\/2025\/10\/katalog-1-300x212.png 300w, https:\/\/mlspardubickehokraje.cz\/web\/wp-content\/uploads\/2025\/10\/katalog-1-768x543.png 768w, https:\/\/mlspardubickehokraje.cz\/web\/wp-content\/uploads\/2025\/10\/katalog-1.png 1064w\" sizes=\"auto, (max-width: 1024px) 100vw, 1024px\" \/><\/a><\/figure>\n\n\n\n<figure class=\"wp-block-image size-large\"><a href=\"https:\/\/mlspardubickehokraje.cz\/web\/katalog-ocenenych-vyrobku-2024\/\"><img loading=\"lazy\" decoding=\"async\" width=\"1024\" height=\"722\" src=\"https:\/\/mlspardubickehokraje.cz\/web\/wp-content\/uploads\/2024\/10\/Agrovenkov_katalog-MLS-1024x722.jpg\" alt=\"\" class=\"wp-image-1473\" srcset=\"https:\/\/mlspardubickehokraje.cz\/web\/wp-content\/uploads\/2024\/10\/Agrovenkov_katalog-MLS-1024x722.jpg 1024w, https:\/\/mlspardubickehokraje.cz\/web\/wp-content\/uploads\/2024\/10\/Agrovenkov_katalog-MLS-300x211.jpg 300w, https:\/\/mlspardubickehokraje.cz\/web\/wp-content\/uploads\/2024\/10\/Agrovenkov_katalog-MLS-768x541.jpg 768w, https:\/\/mlspardubickehokraje.cz\/web\/wp-content\/uploads\/2024\/10\/Agrovenkov_katalog-MLS-1536x1082.jpg 1536w, https:\/\/mlspardubickehokraje.cz\/web\/wp-content\/uploads\/2024\/10\/Agrovenkov_katalog-MLS-2048x1443.jpg 2048w\" sizes=\"auto, (max-width: 1024px) 100vw, 1024px\" \/><\/a><\/figure>\n\n\n\n<figure class=\"wp-block-image size-large\"><a href=\"https:\/\/mlspardubickehokraje.cz\/web\/katalog-ocenenych-vyrobku-2023\/\"><img loading=\"lazy\" decoding=\"async\" width=\"1024\" height=\"722\" src=\"https:\/\/mlspardubickehokraje.cz\/web\/wp-content\/uploads\/2024\/10\/Agrovenkov_katalog-MLS_2023-1024x722.jpg\" alt=\"\" class=\"wp-image-1471\" srcset=\"https:\/\/mlspardubickehokraje.cz\/web\/wp-content\/uploads\/2024\/10\/Agrovenkov_katalog-MLS_2023-1024x722.jpg 1024w, https:\/\/mlspardubickehokraje.cz\/web\/wp-content\/uploads\/2024\/10\/Agrovenkov_katalog-MLS_2023-300x211.jpg 300w, https:\/\/mlspardubickehokraje.cz\/web\/wp-content\/uploads\/2024\/10\/Agrovenkov_katalog-MLS_2023-768x541.jpg 768w, https:\/\/mlspardubickehokraje.cz\/web\/wp-content\/uploads\/2024\/10\/Agrovenkov_katalog-MLS_2023-1536x1082.jpg 1536w, https:\/\/mlspardubickehokraje.cz\/web\/wp-content\/uploads\/2024\/10\/Agrovenkov_katalog-MLS_2023-2048x1443.jpg 2048w\" sizes=\"auto, (max-width: 1024px) 100vw, 1024px\" \/><\/a><\/figure>\n\n\n\n<figure class=\"wp-block-image size-large\"><a href=\"https:\/\/mlspardubickehokraje.cz\/web\/katalog-ocenenych-vyrobku-2022\/\"><img loading=\"lazy\" decoding=\"async\" width=\"1024\" height=\"722\" src=\"https:\/\/mlspardubickehokraje.cz\/web\/wp-content\/uploads\/2024\/10\/Agrovenkov_katalog-MLS_2022-1024x722.jpg\" alt=\"\" class=\"wp-image-1469\" srcset=\"https:\/\/mlspardubickehokraje.cz\/web\/wp-content\/uploads\/2024\/10\/Agrovenkov_katalog-MLS_2022-1024x722.jpg 1024w, https:\/\/mlspardubickehokraje.cz\/web\/wp-content\/uploads\/2024\/10\/Agrovenkov_katalog-MLS_2022-300x211.jpg 300w, https:\/\/mlspardubickehokraje.cz\/web\/wp-content\/uploads\/2024\/10\/Agrovenkov_katalog-MLS_2022-768x541.jpg 768w, https:\/\/mlspardubickehokraje.cz\/web\/wp-content\/uploads\/2024\/10\/Agrovenkov_katalog-MLS_2022-1536x1082.jpg 1536w, https:\/\/mlspardubickehokraje.cz\/web\/wp-content\/uploads\/2024\/10\/Agrovenkov_katalog-MLS_2022-2048x1443.jpg 2048w\" sizes=\"auto, (max-width: 1024px) 100vw, 1024px\" \/><\/a><\/figure>\n","protected":false},"excerpt":{"rendered":"<p>N\u00ed\u017ee vyberte ro\u010dn\u00edk pro zobrazen\u00ed ocen\u011bn\u00fdch v\u00fdrobk\u016f.<\/p>\n","protected":false},"author":1,"featured_media":0,"parent":0,"menu_order":0,"comment_status":"closed","ping_status":"closed","template":"","meta":{"footnotes":""},"class_list":["post-338","page","type-page","status-publish","hentry","entry"],"_links":{"self":[{"href":"https:\/\/mlspardubickehokraje.cz\/web\/wp-json\/wp\/v2\/pages\/338","targetHints":{"allow":["GET"]}}],"collection":[{"href":"https:\/\/mlspardubickehokraje.cz\/web\/wp-json\/wp\/v2\/pages"}],"about":[{"href":"https:\/\/mlspardubickehokraje.cz\/web\/wp-json\/wp\/v2\/types\/page"}],"author":[{"embeddable":true,"href":"https:\/\/mlspardubickehokraje.cz\/web\/wp-json\/wp\/v2\/users\/1"}],"replies":[{"embeddable":true,"href":"https:\/\/mlspardubickehokraje.cz\/web\/wp-json\/wp\/v2\/comments?post=338"}],"version-history":[{"count":9,"href":"https:\/\/mlspardubickehokraje.cz\/web\/wp-json\/wp\/v2\/pages\/338\/revisions"}],"predecessor-version":[{"id":2426,"href":"https:\/\/mlspardubickehokraje.cz\/web\/wp-json\/wp\/v2\/pages\/338\/revisions\/2426"}],"wp:attachment":[{"href":"https:\/\/mlspardubickehokraje.cz\/web\/wp-json\/wp\/v2\/media?parent=338"}],"curies":[{"name":"wp","href":"https:\/\/api.w.org\/{rel}","templated":true}]}}