{"id":34,"date":"2021-07-23T17:59:41","date_gmt":"2021-07-23T15:59:41","guid":{"rendered":"http:\/\/mlspardubickehokraje.cz\/web\/?page_id=34"},"modified":"2025-10-03T11:27:33","modified_gmt":"2025-10-03T09:27:33","slug":"fotogalerie","status":"publish","type":"page","link":"https:\/\/mlspardubickehokraje.cz\/web\/fotogalerie\/","title":{"rendered":"Fotogalerie"},"content":{"rendered":"\n<figure class=\"wp-block-image size-large is-resized\"><a href=\"https:\/\/mlspardubickehokraje.cz\/web\/fotogalerie-krajske-dozinky-2025\/\"><img loading=\"lazy\" decoding=\"async\" width=\"1024\" height=\"605\" src=\"http:\/\/mlspardubickehokraje.cz\/web\/wp-content\/uploads\/2025\/10\/IMG_2436-1-1024x605.jpg\" alt=\"\" class=\"wp-image-2274\" style=\"width:566px\" srcset=\"https:\/\/mlspardubickehokraje.cz\/web\/wp-content\/uploads\/2025\/10\/IMG_2436-1-1024x605.jpg 1024w, https:\/\/mlspardubickehokraje.cz\/web\/wp-content\/uploads\/2025\/10\/IMG_2436-1-300x177.jpg 300w, https:\/\/mlspardubickehokraje.cz\/web\/wp-content\/uploads\/2025\/10\/IMG_2436-1-768x453.jpg 768w, https:\/\/mlspardubickehokraje.cz\/web\/wp-content\/uploads\/2025\/10\/IMG_2436-1-1536x907.jpg 1536w, https:\/\/mlspardubickehokraje.cz\/web\/wp-content\/uploads\/2025\/10\/IMG_2436-1-2048x1209.jpg 2048w\" sizes=\"auto, (max-width: 1024px) 100vw, 1024px\" \/><\/a><figcaption class=\"wp-element-caption\"><a href=\"https:\/\/mlspardubickehokraje.cz\/web\/fotogalerie-krajske-dozinky-2025\/\"><strong>Krajsk\u00e9 do\u017e\u00ednky 2025<\/strong><\/a><\/figcaption><\/figure>\n\n\n\n<figure class=\"wp-block-image size-full is-resized\"><a href=\"https:\/\/mlspardubickehokraje.cz\/web\/fotogalerie-krajske-dozinky-2024\/\"><img loading=\"lazy\" decoding=\"async\" width=\"2560\" height=\"1707\" src=\"http:\/\/mlspardubickehokraje.cz\/web\/wp-content\/uploads\/2024\/10\/IMG_6808-1-2-scaled.jpg\" alt=\"\" class=\"wp-image-1683\" style=\"width:566px;height:auto\" srcset=\"https:\/\/mlspardubickehokraje.cz\/web\/wp-content\/uploads\/2024\/10\/IMG_6808-1-2-scaled.jpg 2560w, https:\/\/mlspardubickehokraje.cz\/web\/wp-content\/uploads\/2024\/10\/IMG_6808-1-2-300x200.jpg 300w, https:\/\/mlspardubickehokraje.cz\/web\/wp-content\/uploads\/2024\/10\/IMG_6808-1-2-1024x683.jpg 1024w, https:\/\/mlspardubickehokraje.cz\/web\/wp-content\/uploads\/2024\/10\/IMG_6808-1-2-768x512.jpg 768w, https:\/\/mlspardubickehokraje.cz\/web\/wp-content\/uploads\/2024\/10\/IMG_6808-1-2-1536x1024.jpg 1536w, https:\/\/mlspardubickehokraje.cz\/web\/wp-content\/uploads\/2024\/10\/IMG_6808-1-2-2048x1365.jpg 2048w\" sizes=\"auto, (max-width: 2560px) 100vw, 2560px\" \/><\/a><figcaption class=\"wp-element-caption\"><strong>Krajsk\u00e9 do\u017e\u00ednky 2024<\/strong><\/figcaption><\/figure>\n\n\n\n<div class=\"wp-block-columns is-layout-flex wp-container-core-columns-is-layout-9d6595d7 wp-block-columns-is-layout-flex\">\n<div class=\"wp-block-column is-layout-flow wp-block-column-is-layout-flow\" style=\"flex-basis:100%\">\n<div class=\"wp-block-group\"><div class=\"wp-block-group__inner-container is-layout-flow wp-block-group-is-layout-flow\">\n<div class=\"wp-block-group\"><div class=\"wp-block-group__inner-container is-layout-flow wp-block-group-is-layout-flow\">\n<div class=\"wp-block-group\"><div class=\"wp-block-group__inner-container is-layout-flow wp-block-group-is-layout-flow\">\n<div class=\"wp-block-columns is-layout-flex wp-container-core-columns-is-layout-9d6595d7 wp-block-columns-is-layout-flex\">\n<div class=\"wp-block-column is-layout-flow wp-block-column-is-layout-flow\">\n<figure class=\"wp-block-image size-full is-resized\"><a href=\"http:\/\/mlspardubickehokraje.cz\/web\/fotogalerie-hodnoceni-poroty-2020\/\"><img loading=\"lazy\" decoding=\"async\" width=\"500\" height=\"333\" src=\"http:\/\/mlspardubickehokraje.cz\/web\/wp-content\/uploads\/2021\/07\/hodnoceniPoroty2020.jpg\" alt=\"\" class=\"wp-image-35\" style=\"width:564px;height:auto\" srcset=\"https:\/\/mlspardubickehokraje.cz\/web\/wp-content\/uploads\/2021\/07\/hodnoceniPoroty2020.jpg 500w, https:\/\/mlspardubickehokraje.cz\/web\/wp-content\/uploads\/2021\/07\/hodnoceniPoroty2020-300x200.jpg 300w\" sizes=\"auto, (max-width: 500px) 100vw, 500px\" \/><\/a><figcaption class=\"wp-element-caption\"><strong>Hodnocen\u00ed poroty 2020<\/strong><\/figcaption><\/figure>\n<\/div>\n<\/div>\n<\/div><\/div>\n<\/div><\/div>\n<\/div><\/div>\n<\/div>\n<\/div>\n","protected":false},"excerpt":{"rendered":"","protected":false},"author":1,"featured_media":0,"parent":0,"menu_order":0,"comment_status":"closed","ping_status":"closed","template":"","meta":{"footnotes":""},"class_list":["post-34","page","type-page","status-publish","hentry","entry"],"_links":{"self":[{"href":"https:\/\/mlspardubickehokraje.cz\/web\/wp-json\/wp\/v2\/pages\/34","targetHints":{"allow":["GET"]}}],"collection":[{"href":"https:\/\/mlspardubickehokraje.cz\/web\/wp-json\/wp\/v2\/pages"}],"about":[{"href":"https:\/\/mlspardubickehokraje.cz\/web\/wp-json\/wp\/v2\/types\/page"}],"author":[{"embeddable":true,"href":"https:\/\/mlspardubickehokraje.cz\/web\/wp-json\/wp\/v2\/users\/1"}],"replies":[{"embeddable":true,"href":"https:\/\/mlspardubickehokraje.cz\/web\/wp-json\/wp\/v2\/comments?post=34"}],"version-history":[{"count":6,"href":"https:\/\/mlspardubickehokraje.cz\/web\/wp-json\/wp\/v2\/pages\/34\/revisions"}],"predecessor-version":[{"id":2351,"href":"https:\/\/mlspardubickehokraje.cz\/web\/wp-json\/wp\/v2\/pages\/34\/revisions\/2351"}],"wp:attachment":[{"href":"https:\/\/mlspardubickehokraje.cz\/web\/wp-json\/wp\/v2\/media?parent=34"}],"curies":[{"name":"wp","href":"https:\/\/api.w.org\/{rel}","templated":true}]}}