{"id":49,"date":"2021-07-23T18:10:15","date_gmt":"2021-07-23T16:10:15","guid":{"rendered":"http:\/\/mlspardubickehokraje.cz\/web\/?page_id=49"},"modified":"2025-10-03T01:09:51","modified_gmt":"2025-10-02T23:09:51","slug":"videogalerie","status":"publish","type":"page","link":"https:\/\/mlspardubickehokraje.cz\/web\/videogalerie\/","title":{"rendered":"Videogalerie"},"content":{"rendered":"\n<figure class=\"wp-block-image size-large\"><a href=\"https:\/\/www.youtube.com\/watch?v=s3A4ihCKSYc\"><img loading=\"lazy\" decoding=\"async\" width=\"1024\" height=\"605\" src=\"https:\/\/mlspardubickehokraje.cz\/web\/wp-content\/uploads\/2025\/10\/IMG_2436-1-1024x605.jpg\" alt=\"\" class=\"wp-image-2274\" srcset=\"https:\/\/mlspardubickehokraje.cz\/web\/wp-content\/uploads\/2025\/10\/IMG_2436-1-1024x605.jpg 1024w, https:\/\/mlspardubickehokraje.cz\/web\/wp-content\/uploads\/2025\/10\/IMG_2436-1-300x177.jpg 300w, https:\/\/mlspardubickehokraje.cz\/web\/wp-content\/uploads\/2025\/10\/IMG_2436-1-768x453.jpg 768w, https:\/\/mlspardubickehokraje.cz\/web\/wp-content\/uploads\/2025\/10\/IMG_2436-1-1536x907.jpg 1536w, https:\/\/mlspardubickehokraje.cz\/web\/wp-content\/uploads\/2025\/10\/IMG_2436-1-2048x1209.jpg 2048w\" sizes=\"auto, (max-width: 1024px) 100vw, 1024px\" \/><\/a><figcaption class=\"wp-element-caption\"><a href=\"https:\/\/www.youtube.com\/watch?v=s3A4ihCKSYc\">Krajsk\u00e9 do\u017e\u00ednky 2025<\/a><\/figcaption><\/figure>\n\n\n\n<h2 class=\"wp-block-heading has-text-align-center\"><\/h2>\n\n\n\n<figure class=\"wp-block-image size-large\"><a href=\"https:\/\/www.youtube.com\/watch?v=0irQD2psosA\" target=\"_blank\" rel=\"noreferrer noopener\"><img loading=\"lazy\" decoding=\"async\" width=\"1024\" height=\"683\" src=\"https:\/\/mlspardubickehokraje.cz\/web\/wp-content\/uploads\/2024\/10\/IMG_7333-1-1-1024x683.jpg\" alt=\"\" class=\"wp-image-1754\" srcset=\"https:\/\/mlspardubickehokraje.cz\/web\/wp-content\/uploads\/2024\/10\/IMG_7333-1-1-1024x683.jpg 1024w, https:\/\/mlspardubickehokraje.cz\/web\/wp-content\/uploads\/2024\/10\/IMG_7333-1-1-300x200.jpg 300w, https:\/\/mlspardubickehokraje.cz\/web\/wp-content\/uploads\/2024\/10\/IMG_7333-1-1-768x512.jpg 768w, https:\/\/mlspardubickehokraje.cz\/web\/wp-content\/uploads\/2024\/10\/IMG_7333-1-1-1536x1024.jpg 1536w, https:\/\/mlspardubickehokraje.cz\/web\/wp-content\/uploads\/2024\/10\/IMG_7333-1-1-2048x1365.jpg 2048w\" sizes=\"auto, (max-width: 1024px) 100vw, 1024px\" \/><\/a><figcaption class=\"wp-element-caption\"><a href=\"https:\/\/www.youtube.com\/watch?v=0irQD2psosA\" target=\"_blank\" rel=\"noreferrer noopener\">Krajsk\u00e9 do\u017e\u00ednky Pardubice 2024<\/a><\/figcaption><\/figure>\n\n\n\n<figure class=\"wp-block-image size-full is-resized\"><a href=\"https:\/\/youtu.be\/W_4i33FttK8?si=EmPa2Jt8l7QLzkRM\" target=\"_blank\" rel=\"noreferrer noopener\"><img loading=\"lazy\" decoding=\"async\" width=\"640\" height=\"436\" src=\"https:\/\/mlspardubickehokraje.cz\/web\/wp-content\/uploads\/2024\/10\/sddefault-1.jpg\" alt=\"\" class=\"wp-image-1765\" style=\"width:840px;height:auto\" srcset=\"https:\/\/mlspardubickehokraje.cz\/web\/wp-content\/uploads\/2024\/10\/sddefault-1.jpg 640w, https:\/\/mlspardubickehokraje.cz\/web\/wp-content\/uploads\/2024\/10\/sddefault-1-300x204.jpg 300w\" sizes=\"auto, (max-width: 640px) 100vw, 640px\" \/><\/a><figcaption class=\"wp-element-caption\"><a href=\"https:\/\/youtu.be\/W_4i33FttK8?si=EmPa2Jt8l7QLzkRM\" target=\"_blank\" rel=\"noreferrer noopener\">Hodnocen\u00ed MLS Pardubick\u00e9ho kraje 2024<\/a><\/figcaption><\/figure>\n\n\n\n<figure class=\"wp-block-image size-large\"><a href=\"https:\/\/youtu.be\/ih2L3JwbQGQ?si=K2Nk9NDG2IzvZ_77\" target=\"_blank\" rel=\"noreferrer noopener\"><img loading=\"lazy\" decoding=\"async\" width=\"1024\" height=\"706\" src=\"https:\/\/mlspardubickehokraje.cz\/web\/wp-content\/uploads\/2024\/10\/IMG_3593-1024x706.jpg\" alt=\"\" class=\"wp-image-1757\" srcset=\"https:\/\/mlspardubickehokraje.cz\/web\/wp-content\/uploads\/2024\/10\/IMG_3593-1024x706.jpg 1024w, https:\/\/mlspardubickehokraje.cz\/web\/wp-content\/uploads\/2024\/10\/IMG_3593-300x207.jpg 300w, https:\/\/mlspardubickehokraje.cz\/web\/wp-content\/uploads\/2024\/10\/IMG_3593-768x530.jpg 768w, https:\/\/mlspardubickehokraje.cz\/web\/wp-content\/uploads\/2024\/10\/IMG_3593-1536x1059.jpg 1536w, https:\/\/mlspardubickehokraje.cz\/web\/wp-content\/uploads\/2024\/10\/IMG_3593.jpg 2048w\" sizes=\"auto, (max-width: 1024px) 100vw, 1024px\" \/><\/a><figcaption class=\"wp-element-caption\"><a href=\"https:\/\/youtu.be\/ih2L3JwbQGQ?si=K2Nk9NDG2IzvZ_77\" target=\"_blank\" rel=\"noreferrer noopener\">Krajsk\u00e9 do\u017e\u00ednky Pardubice 2023<\/a><\/figcaption><\/figure>\n\n\n\n<figure class=\"wp-block-image size-large\"><a href=\"https:\/\/youtu.be\/_cK9HRU_owk?si=hkgT6e4qPoPw5LmX\" target=\"_blank\" rel=\"noreferrer noopener\"><img loading=\"lazy\" decoding=\"async\" width=\"1024\" height=\"586\" src=\"https:\/\/mlspardubickehokraje.cz\/web\/wp-content\/uploads\/2024\/10\/IMG_3594-1024x586.jpg\" alt=\"\" class=\"wp-image-1759\" srcset=\"https:\/\/mlspardubickehokraje.cz\/web\/wp-content\/uploads\/2024\/10\/IMG_3594-1024x586.jpg 1024w, https:\/\/mlspardubickehokraje.cz\/web\/wp-content\/uploads\/2024\/10\/IMG_3594-300x172.jpg 300w, https:\/\/mlspardubickehokraje.cz\/web\/wp-content\/uploads\/2024\/10\/IMG_3594-768x439.jpg 768w, https:\/\/mlspardubickehokraje.cz\/web\/wp-content\/uploads\/2024\/10\/IMG_3594-1536x878.jpg 1536w, https:\/\/mlspardubickehokraje.cz\/web\/wp-content\/uploads\/2024\/10\/IMG_3594.jpg 1967w\" sizes=\"auto, (max-width: 1024px) 100vw, 1024px\" \/><\/a><figcaption class=\"wp-element-caption\"><a href=\"https:\/\/youtu.be\/_cK9HRU_owk?si=hkgT6e4qPoPw5LmX\" target=\"_blank\" rel=\"noreferrer noopener\">Krajsk\u00e9 do\u017e\u00ednky Pardubice 2022<\/a><\/figcaption><\/figure>\n\n\n\n<figure class=\"wp-block-image size-large\"><a href=\"https:\/\/www.youtube.com\/watch?v=5xN2YTfu-pg\" target=\"_blank\" rel=\"noreferrer noopener\"><img loading=\"lazy\" decoding=\"async\" width=\"1024\" height=\"584\" src=\"https:\/\/mlspardubickehokraje.cz\/web\/wp-content\/uploads\/2024\/10\/77046-1024x584.jpg\" alt=\"\" class=\"wp-image-1760\" srcset=\"https:\/\/mlspardubickehokraje.cz\/web\/wp-content\/uploads\/2024\/10\/77046-1024x584.jpg 1024w, https:\/\/mlspardubickehokraje.cz\/web\/wp-content\/uploads\/2024\/10\/77046-300x171.jpg 300w, https:\/\/mlspardubickehokraje.cz\/web\/wp-content\/uploads\/2024\/10\/77046-768x438.jpg 768w, https:\/\/mlspardubickehokraje.cz\/web\/wp-content\/uploads\/2024\/10\/77046-1536x877.jpg 1536w, https:\/\/mlspardubickehokraje.cz\/web\/wp-content\/uploads\/2024\/10\/77046.jpg 1971w\" sizes=\"auto, (max-width: 1024px) 100vw, 1024px\" \/><\/a><figcaption class=\"wp-element-caption\"><a href=\"https:\/\/www.youtube.com\/watch?v=5xN2YTfu-pg\" target=\"_blank\" rel=\"noreferrer noopener\">Krajsk\u00e9 do\u017e\u00ednky Pardubice 2021<\/a><\/figcaption><\/figure>\n\n\n\n<figure class=\"wp-block-video\"><video controls src=\"blob:http:\/\/mlspardubickehokraje.cz\/014a4b49-13e2-4a05-983e-2911643ff9e8\"><\/video><figcaption class=\"wp-element-caption\">Hodnocen\u00ed v\u00fdrobk\u016f MLS Pardubick\u00e9ho kraje 2022<\/figcaption><\/figure>\n\n\n\n<p><\/p>\n\n\n\n<figure class=\"wp-block-video\"><video height=\"360\" style=\"aspect-ratio: 640 \/ 360;\" width=\"640\" controls poster=\"http:\/\/mlspardubickehokraje.cz\/web\/wp-content\/uploads\/2021\/08\/video1.png\" src=\"http:\/\/mlspardubickehokraje.cz\/web\/wp-content\/uploads\/2021\/07\/Hodnoceni-vyrobku-MLS-2019.mp4\"><\/video><figcaption class=\"wp-element-caption\">Hodnocen\u00ed v\u00fdrobk\u016f MLS 2019<\/figcaption><\/figure>\n\n\n\n<p><\/p>\n\n\n\n<figure class=\"wp-block-video\"><video height=\"360\" style=\"aspect-ratio: 640 \/ 360;\" width=\"640\" controls poster=\"http:\/\/mlspardubickehokraje.cz\/web\/wp-content\/uploads\/2021\/08\/video2.png\" src=\"http:\/\/mlspardubickehokraje.cz\/web\/wp-content\/uploads\/2021\/07\/Hodnoceni-vyrobku-MLS-2020.mp4\"><\/video><figcaption class=\"wp-element-caption\">Hodnocen\u00ed v\u00fdrobk\u016f MLS 2020<\/figcaption><\/figure>\n\n\n\n<figure class=\"wp-block-video\"><video height=\"360\" style=\"aspect-ratio: 640 \/ 360;\" width=\"640\" controls poster=\"http:\/\/mlspardubickehokraje.cz\/web\/wp-content\/uploads\/2021\/08\/video3.png\" src=\"http:\/\/mlspardubickehokraje.cz\/web\/wp-content\/uploads\/2021\/07\/Predavani-oceneni-MLS-2019-Chroustovice.mp4\"><\/video><figcaption class=\"wp-element-caption\">P\u0159ed\u00e1v\u00e1n\u00ed ocen\u011bn\u00ed MLS 2019 &#8211; Chroustovice<\/figcaption><\/figure>\n\n\n\n<figure class=\"wp-block-video\"><video height=\"360\" style=\"aspect-ratio: 640 \/ 360;\" width=\"640\" controls poster=\"http:\/\/mlspardubickehokraje.cz\/web\/wp-content\/uploads\/2021\/08\/video4.png\" src=\"http:\/\/mlspardubickehokraje.cz\/web\/wp-content\/uploads\/2021\/07\/Spotrebitelska-soutez.mp4\"><\/video><figcaption class=\"wp-element-caption\">Spot\u0159ebitelsk\u00e1 sout\u011b\u017e<\/figcaption><\/figure>\n\n\n\n<p><\/p>\n","protected":false},"excerpt":{"rendered":"","protected":false},"author":1,"featured_media":0,"parent":0,"menu_order":0,"comment_status":"closed","ping_status":"closed","template":"","meta":{"footnotes":""},"class_list":["post-49","page","type-page","status-publish","hentry","entry"],"_links":{"self":[{"href":"https:\/\/mlspardubickehokraje.cz\/web\/wp-json\/wp\/v2\/pages\/49","targetHints":{"allow":["GET"]}}],"collection":[{"href":"https:\/\/mlspardubickehokraje.cz\/web\/wp-json\/wp\/v2\/pages"}],"about":[{"href":"https:\/\/mlspardubickehokraje.cz\/web\/wp-json\/wp\/v2\/types\/page"}],"author":[{"embeddable":true,"href":"https:\/\/mlspardubickehokraje.cz\/web\/wp-json\/wp\/v2\/users\/1"}],"replies":[{"embeddable":true,"href":"https:\/\/mlspardubickehokraje.cz\/web\/wp-json\/wp\/v2\/comments?post=49"}],"version-history":[{"count":14,"href":"https:\/\/mlspardubickehokraje.cz\/web\/wp-json\/wp\/v2\/pages\/49\/revisions"}],"predecessor-version":[{"id":2276,"href":"https:\/\/mlspardubickehokraje.cz\/web\/wp-json\/wp\/v2\/pages\/49\/revisions\/2276"}],"wp:attachment":[{"href":"https:\/\/mlspardubickehokraje.cz\/web\/wp-json\/wp\/v2\/media?parent=49"}],"curies":[{"name":"wp","href":"https:\/\/api.w.org\/{rel}","templated":true}]}}