{"id":56,"date":"2021-09-29T10:39:50","date_gmt":"2021-09-29T08:39:50","guid":{"rendered":"http:\/\/mlspardubickehokraje.cz\/web\/?page_id=56"},"modified":"2025-10-03T00:14:30","modified_gmt":"2025-10-02T22:14:30","slug":"archiv","status":"publish","type":"page","link":"https:\/\/mlspardubickehokraje.cz\/web\/archiv\/","title":{"rendered":"Archiv"},"content":{"rendered":"\n<div class=\"wp-block-media-text alignwide is-stacked-on-mobile\" style=\"grid-template-columns:15% auto\"><figure class=\"wp-block-media-text__media\"><img loading=\"lazy\" decoding=\"async\" width=\"1024\" height=\"724\" src=\"https:\/\/mlspardubickehokraje.cz\/web\/wp-content\/uploads\/2025\/10\/katalog-1024x724.png\" alt=\"\" class=\"wp-image-2225 size-full\" srcset=\"https:\/\/mlspardubickehokraje.cz\/web\/wp-content\/uploads\/2025\/10\/katalog-1024x724.png 1024w, https:\/\/mlspardubickehokraje.cz\/web\/wp-content\/uploads\/2025\/10\/katalog-300x212.png 300w, https:\/\/mlspardubickehokraje.cz\/web\/wp-content\/uploads\/2025\/10\/katalog-768x543.png 768w, https:\/\/mlspardubickehokraje.cz\/web\/wp-content\/uploads\/2025\/10\/katalog.png 1064w\" sizes=\"auto, (max-width: 1024px) 100vw, 1024px\" \/><\/figure><div class=\"wp-block-media-text__content\">\n<p style=\"font-size:18px\"><strong>Katalog ro\u010dn\u00edku 2025 ke sta\u017een\u00ed <a href=\"http:\/\/mlspardubickehokraje.cz\/web\/wp-content\/uploads\/2025\/10\/Agrovenkov_katalog-MLS_nastrel_2025.pdf\">ZDE<\/a><\/strong><\/p>\n\n\n\n<p><\/p>\n<\/div><\/div>\n\n\n\n<p><\/p>\n\n\n\n<div class=\"wp-block-media-text alignwide is-stacked-on-mobile\" style=\"grid-template-columns:15% auto\"><figure class=\"wp-block-media-text__media\"><img loading=\"lazy\" decoding=\"async\" width=\"1024\" height=\"722\" src=\"https:\/\/mlspardubickehokraje.cz\/web\/wp-content\/uploads\/2024\/10\/Agrovenkov_katalog-MLS-2-1024x722.jpg\" alt=\"\" class=\"wp-image-1617 size-full\" srcset=\"https:\/\/mlspardubickehokraje.cz\/web\/wp-content\/uploads\/2024\/10\/Agrovenkov_katalog-MLS-2-1024x722.jpg 1024w, https:\/\/mlspardubickehokraje.cz\/web\/wp-content\/uploads\/2024\/10\/Agrovenkov_katalog-MLS-2-300x211.jpg 300w, https:\/\/mlspardubickehokraje.cz\/web\/wp-content\/uploads\/2024\/10\/Agrovenkov_katalog-MLS-2-768x541.jpg 768w, https:\/\/mlspardubickehokraje.cz\/web\/wp-content\/uploads\/2024\/10\/Agrovenkov_katalog-MLS-2-1536x1082.jpg 1536w, https:\/\/mlspardubickehokraje.cz\/web\/wp-content\/uploads\/2024\/10\/Agrovenkov_katalog-MLS-2-2048x1443.jpg 2048w\" sizes=\"auto, (max-width: 1024px) 100vw, 1024px\" \/><\/figure><div class=\"wp-block-media-text__content\">\n<p style=\"font-size:18px\"><strong>Katalog ro\u010dn\u00edku 2024 ke sta\u017een\u00ed<\/strong> <strong><a href=\"http:\/\/mlspardubickehokraje.cz\/web\/wp-content\/uploads\/2024\/10\/Agrovenkov_katalog-MLS_lowress.pdf\">ZDE<\/a><\/strong><\/p>\n\n\n\n<p><\/p>\n<\/div><\/div>\n\n\n\n<p><\/p>\n\n\n\n<div class=\"wp-block-media-text alignwide is-stacked-on-mobile\" style=\"grid-template-columns:15% auto\"><figure class=\"wp-block-media-text__media\"><img loading=\"lazy\" decoding=\"async\" width=\"1024\" height=\"722\" src=\"http:\/\/mlspardubickehokraje.cz\/web\/wp-content\/uploads\/2023\/09\/Uvodni_stranka-1024x722.jpg\" alt=\"\" class=\"wp-image-1160 size-full\" srcset=\"https:\/\/mlspardubickehokraje.cz\/web\/wp-content\/uploads\/2023\/09\/Uvodni_stranka-1024x722.jpg 1024w, https:\/\/mlspardubickehokraje.cz\/web\/wp-content\/uploads\/2023\/09\/Uvodni_stranka-300x212.jpg 300w, https:\/\/mlspardubickehokraje.cz\/web\/wp-content\/uploads\/2023\/09\/Uvodni_stranka-768x541.jpg 768w, https:\/\/mlspardubickehokraje.cz\/web\/wp-content\/uploads\/2023\/09\/Uvodni_stranka.jpg 1190w\" sizes=\"auto, (max-width: 1024px) 100vw, 1024px\" \/><\/figure><div class=\"wp-block-media-text__content\">\n<p style=\"font-size:18px\"><strong>Katalog ro\u010dn\u00edku 2023 ke sta\u017een\u00ed<\/strong> <strong><a href=\"http:\/\/mlspardubickehokraje.cz\/web\/wp-content\/uploads\/2024\/10\/Agrovenkov_katalog-MLS_2023.pdf\">ZDE<\/a><\/strong><\/p>\n\n\n\n<p><\/p>\n<\/div><\/div>\n\n\n\n<p><\/p>\n\n\n\n<div class=\"wp-block-media-text alignwide is-stacked-on-mobile\" style=\"grid-template-columns:15% auto\"><figure class=\"wp-block-media-text__media\"><img loading=\"lazy\" decoding=\"async\" width=\"1024\" height=\"687\" src=\"http:\/\/mlspardubickehokraje.cz\/web\/wp-content\/uploads\/2022\/10\/Katalog-2022-uvodni-fotka-1-1024x687.png\" alt=\"\" class=\"wp-image-898 size-full\" srcset=\"https:\/\/mlspardubickehokraje.cz\/web\/wp-content\/uploads\/2022\/10\/Katalog-2022-uvodni-fotka-1-1024x687.png 1024w, https:\/\/mlspardubickehokraje.cz\/web\/wp-content\/uploads\/2022\/10\/Katalog-2022-uvodni-fotka-1-300x201.png 300w, https:\/\/mlspardubickehokraje.cz\/web\/wp-content\/uploads\/2022\/10\/Katalog-2022-uvodni-fotka-1-768x515.png 768w, https:\/\/mlspardubickehokraje.cz\/web\/wp-content\/uploads\/2022\/10\/Katalog-2022-uvodni-fotka-1.png 1153w\" sizes=\"auto, (max-width: 1024px) 100vw, 1024px\" \/><\/figure><div class=\"wp-block-media-text__content\">\n<p style=\"font-size:18px\"><strong>Katalog ro\u010dn\u00edku 2022 ke sta\u017een\u00ed<a href=\"http:\/\/mlspardubickehokraje.cz\/web\/wp-content\/uploads\/2022\/10\/Katalog-2022.pdf\" data-type=\"URL\" data-id=\"http:\/\/mlspardubickehokraje.cz\/web\/wp-content\/uploads\/2022\/10\/Katalog-2022.pdf\"> ZDE<\/a><\/strong><\/p>\n\n\n\n<p><\/p>\n<\/div><\/div>\n\n\n\n<p><\/p>\n\n\n\n<div class=\"wp-block-media-text alignwide is-stacked-on-mobile\" style=\"grid-template-columns:15% auto\"><figure class=\"wp-block-media-text__media\"><img loading=\"lazy\" decoding=\"async\" width=\"1025\" height=\"726\" src=\"http:\/\/mlspardubickehokraje.cz\/web\/wp-content\/uploads\/2021\/09\/Katalog-2021-uvod.png\" alt=\"\" class=\"wp-image-269 size-full\" srcset=\"https:\/\/mlspardubickehokraje.cz\/web\/wp-content\/uploads\/2021\/09\/Katalog-2021-uvod.png 1025w, https:\/\/mlspardubickehokraje.cz\/web\/wp-content\/uploads\/2021\/09\/Katalog-2021-uvod-300x212.png 300w, https:\/\/mlspardubickehokraje.cz\/web\/wp-content\/uploads\/2021\/09\/Katalog-2021-uvod-768x544.png 768w\" sizes=\"auto, (max-width: 1025px) 100vw, 1025px\" \/><\/figure><div class=\"wp-block-media-text__content\">\n<p id=\"ZDE\" style=\"font-size: 18px;\"><strong>Katalog ro\u010dn\u00edku 2021 ke sta\u017een\u00ed <a href=\"http:\/\/mlspardubickehokraje.cz\/web\/wp-content\/uploads\/2021\/09\/Agrovenkov_katalog-MLS_lowress.pdf\">ZDE<\/a><\/strong><\/p>\n\n\n\n<p><\/p>\n<\/div><\/div>\n\n\n\n<p><\/p>\n\n\n\n<div class=\"wp-block-media-text alignwide is-stacked-on-mobile\" style=\"grid-template-columns:15% auto\"><figure class=\"wp-block-media-text__media\"><a href=\"http:\/\/mlspardubickehokraje.cz\/web\/archiv\/katalog-2020\/\"><img loading=\"lazy\" decoding=\"async\" width=\"1024\" height=\"720\" src=\"http:\/\/mlspardubickehokraje.cz\/web\/wp-content\/uploads\/2021\/09\/katalog-2020-1024x720.png\" alt=\"\" class=\"wp-image-196 size-full\" srcset=\"https:\/\/mlspardubickehokraje.cz\/web\/wp-content\/uploads\/2021\/09\/katalog-2020-1024x720.png 1024w, https:\/\/mlspardubickehokraje.cz\/web\/wp-content\/uploads\/2021\/09\/katalog-2020-300x211.png 300w, https:\/\/mlspardubickehokraje.cz\/web\/wp-content\/uploads\/2021\/09\/katalog-2020-768x540.png 768w, https:\/\/mlspardubickehokraje.cz\/web\/wp-content\/uploads\/2021\/09\/katalog-2020.png 1129w\" sizes=\"auto, (max-width: 1024px) 100vw, 1024px\" \/><\/a><\/figure><div class=\"wp-block-media-text__content\">\n<p style=\"font-size:18px\"><strong>Katalog ro\u010dn\u00edku 2020 ke sta\u017een\u00ed&nbsp;<a href=\"http:\/\/mlspardubickehokraje.cz\/web\/wp-content\/uploads\/2021\/09\/katalog-MLS-2020.pdf\" data-type=\"URL\" data-id=\"http:\/\/mlspardubickehokraje.cz\/web\/wp-content\/uploads\/2021\/09\/katalog-MLS-2020.pdf\" target=\"_blank\" rel=\"noreferrer noopener\">ZDE<\/a><\/strong><\/p>\n<\/div><\/div>\n\n\n\n<p><\/p>\n\n\n\n<p><\/p>\n\n\n\n<div class=\"wp-block-media-text alignwide is-stacked-on-mobile\" style=\"grid-template-columns:15% auto\"><figure class=\"wp-block-media-text__media\"><img loading=\"lazy\" decoding=\"async\" width=\"200\" height=\"139\" src=\"http:\/\/mlspardubickehokraje.cz\/web\/wp-content\/uploads\/2021\/07\/mls2019tn.jpg\" alt=\"\" class=\"wp-image-57 size-full\"\/><\/figure><div class=\"wp-block-media-text__content\">\n<p style=\"font-size:18px\"><strong>Katalog ro\u010dn\u00edku 2019 ke sta\u017een\u00ed&nbsp;<a href=\"http:\/\/mlspardubickehokraje.cz\/web\/wp-content\/uploads\/2021\/07\/mls_katalog2019.pdf\" data-type=\"URL\" data-id=\"http:\/\/mlspardubickehokraje.cz\/web\/wp-content\/uploads\/2021\/07\/mls_katalog2019.pdf\" target=\"_blank\" rel=\"noreferrer noopener\">ZDE<\/a><\/strong><\/p>\n<\/div><\/div>\n\n\n\n<p><\/p>\n\n\n\n<p><\/p>\n\n\n\n<p id=\"http:\/\/mlspardubickehokraje.cz\/web\/wp-content\/uploads\/2021\/09\/Agrovenkov_katalog-MLS_lowress.pdf\"><\/p>\n","protected":false},"excerpt":{"rendered":"<p>Katalog ro\u010dn\u00edku 2025 ke sta\u017een\u00ed ZDE Katalog ro\u010dn\u00edku 2024 ke sta\u017een\u00ed ZDE Katalog ro\u010dn\u00edku 2023 ke sta\u017een\u00ed ZDE Katalog ro\u010dn\u00edku 2022 ke sta\u017een\u00ed ZDE Katalog ro\u010dn\u00edku 2021 ke sta\u017een\u00ed ZDE Katalog ro\u010dn\u00edku 2020 ke sta\u017een\u00ed&nbsp;ZDE Katalog ro\u010dn\u00edku 2019 ke sta\u017een\u00ed&nbsp;ZDE<\/p>\n","protected":false},"author":3,"featured_media":0,"parent":0,"menu_order":0,"comment_status":"closed","ping_status":"closed","template":"","meta":{"footnotes":""},"class_list":["post-56","page","type-page","status-publish","hentry","entry"],"_links":{"self":[{"href":"https:\/\/mlspardubickehokraje.cz\/web\/wp-json\/wp\/v2\/pages\/56","targetHints":{"allow":["GET"]}}],"collection":[{"href":"https:\/\/mlspardubickehokraje.cz\/web\/wp-json\/wp\/v2\/pages"}],"about":[{"href":"https:\/\/mlspardubickehokraje.cz\/web\/wp-json\/wp\/v2\/types\/page"}],"author":[{"embeddable":true,"href":"https:\/\/mlspardubickehokraje.cz\/web\/wp-json\/wp\/v2\/users\/3"}],"replies":[{"embeddable":true,"href":"https:\/\/mlspardubickehokraje.cz\/web\/wp-json\/wp\/v2\/comments?post=56"}],"version-history":[{"count":18,"href":"https:\/\/mlspardubickehokraje.cz\/web\/wp-json\/wp\/v2\/pages\/56\/revisions"}],"predecessor-version":[{"id":2230,"href":"https:\/\/mlspardubickehokraje.cz\/web\/wp-json\/wp\/v2\/pages\/56\/revisions\/2230"}],"wp:attachment":[{"href":"https:\/\/mlspardubickehokraje.cz\/web\/wp-json\/wp\/v2\/media?parent=56"}],"curies":[{"name":"wp","href":"https:\/\/api.w.org\/{rel}","templated":true}]}}